{"id":793,"date":"2023-11-14T12:55:32","date_gmt":"2023-11-14T11:55:32","guid":{"rendered":"https:\/\/scienceblend.com\/contact\/"},"modified":"2023-12-29T15:09:28","modified_gmt":"2023-12-29T14:09:28","slug":"contacter","status":"publish","type":"page","link":"https:\/\/scienceblend.com\/fr\/contacter\/","title":{"rendered":"Contacter"},"content":{"rendered":"<p><span class=\"tlid-translation translation\" lang=\"it\"><span class=\"\" title=\"\"><span class=\"tlid-translation translation\" lang=\"en\">Vous avez des questions ou des doutes ? Nous sommes l\u00e0 pour vous aider du mieux que nous pouvons. N&rsquo;h\u00e9sitez pas \u00e0 nous appeler ou \u00e0 nous envoyer un e-mail. Vous offrir une exp\u00e9rience exceptionnelle est notre priorit\u00e9 absolue.<\/span><\/span><\/span><\/p>\n","protected":false},"excerpt":{"rendered":"<p>Vous avez des questions ou des doutes ? Nous sommes l\u00e0 pour vous aider du mieux que nous pouvons. N&rsquo;h\u00e9sitez pas \u00e0 nous appeler ou \u00e0 nous envoyer un e-mail. Vous offrir une exp\u00e9rience exceptionnelle est notre priorit\u00e9 absolue.<\/p>\n","protected":false},"author":1,"featured_media":0,"parent":0,"menu_order":0,"comment_status":"closed","ping_status":"closed","template":"","meta":{"_acf_changed":false,"footnotes":""},"class_list":["post-793","page","type-page","status-publish","hentry"],"acf":[],"_links":{"self":[{"href":"https:\/\/scienceblend.com\/fr\/wp-json\/wp\/v2\/pages\/793","targetHints":{"allow":["GET"]}}],"collection":[{"href":"https:\/\/scienceblend.com\/fr\/wp-json\/wp\/v2\/pages"}],"about":[{"href":"https:\/\/scienceblend.com\/fr\/wp-json\/wp\/v2\/types\/page"}],"author":[{"embeddable":true,"href":"https:\/\/scienceblend.com\/fr\/wp-json\/wp\/v2\/users\/1"}],"replies":[{"embeddable":true,"href":"https:\/\/scienceblend.com\/fr\/wp-json\/wp\/v2\/comments?post=793"}],"version-history":[{"count":2,"href":"https:\/\/scienceblend.com\/fr\/wp-json\/wp\/v2\/pages\/793\/revisions"}],"predecessor-version":[{"id":1033,"href":"https:\/\/scienceblend.com\/fr\/wp-json\/wp\/v2\/pages\/793\/revisions\/1033"}],"wp:attachment":[{"href":"https:\/\/scienceblend.com\/fr\/wp-json\/wp\/v2\/media?parent=793"}],"curies":[{"name":"wp","href":"https:\/\/api.w.org\/{rel}","templated":true}]}}