{"id":796,"date":"2023-11-14T12:57:59","date_gmt":"2023-11-14T11:57:59","guid":{"rendered":"https:\/\/scienceblend.com\/a-propos-de-nous\/"},"modified":"2023-12-29T23:19:32","modified_gmt":"2023-12-29T22:19:32","slug":"a-propos-de-nous","status":"publish","type":"page","link":"https:\/\/scienceblend.com\/fr\/a-propos-de-nous\/","title":{"rendered":"\u00c0 propos de nous"},"content":{"rendered":"<div class=\"container\">\n<div class=\"col-md-11 center-block\">\n<section class=\"about1\">\n<div class=\"container\">\n<div class=\"row\">\n<div class=\"col-md-6 col-xs-12 visible-lg visible-md visible-sm\">\n<div class=\"\"><img decoding=\"async\" src=\"https:\/\/nutralify.com\/wp-content\/themes\/dn\/img\/aboutus1.png\" class=\"img-responsive\"><\/div>\n<\/p><\/div>\n<div class=\"col-md-6 col-xs-12 right-col\" style=\"\">\n                        <center><\/p>\n<h3 class=\"subheadline\">\u00c0 PROPOS DE NOUS<\/h3>\n<p><\/center><\/p>\n<h1 class=\"headline\">Une id\u00e9e g\u00e9niale<br \/>\nGro\u00dfartige Qualit\u00e4t <\/h1>\n<p>De nos jours, les clients ont vraiment un grand choix lorsqu&rsquo;il s&rsquo;agit de compl\u00e9ments alimentaires. Et nous le savons &#8211; c&rsquo;est pourquoi nous essayons de ne fabriquer nos produits que dans la meilleure qualit\u00e9 possible.<\/p>\n<p>Nous sommes fiers de ne fournir que les ingr\u00e9dients les plus purs et de la plus haute qualit\u00e9, provenant de partenaires strat\u00e9giques de premier plan, afin de garantir que ce qu&rsquo;ils vendent est bien ce que vous recevez dans votre bouteille.<\/p>\n<p>\n                    <a href=\"https:\/\/scienceblend.com\/fr\/catalogue\/\" class=\"btn\">PARCOURIR LES PRODUITS<\/a><\/p><\/div>\n<div class=\"col-md-6 col-xs-12 visible-xs\">\n<div class=\"\"><img decoding=\"async\" src=\"https:\/\/nutralify.com\/wp-content\/themes\/dn\/img\/aboutus1.png\" class=\"img-responsive\"><\/div>\n<\/p><\/div>\n<\/p><\/div>\n<\/p><\/div>\n<\/section><\/div>\n<\/p><\/div>\n","protected":false},"excerpt":{"rendered":"<p>\u00c0 PROPOS DE NOUS Une id\u00e9e g\u00e9niale Gro\u00dfartige Qualit\u00e4t De nos jours, les clients ont vraiment un grand choix lorsqu&rsquo;il s&rsquo;agit de compl\u00e9ments alimentaires. Et nous le savons &#8211; c&rsquo;est pourquoi nous essayons de ne fabriquer nos produits que dans la meilleure qualit\u00e9 possible. Nous sommes fiers de ne fournir que les ingr\u00e9dients les plus [&hellip;]<\/p>\n","protected":false},"author":1,"featured_media":0,"parent":0,"menu_order":0,"comment_status":"closed","ping_status":"closed","template":"","meta":{"_acf_changed":false,"footnotes":""},"class_list":["post-796","page","type-page","status-publish","hentry"],"acf":[],"_links":{"self":[{"href":"https:\/\/scienceblend.com\/fr\/wp-json\/wp\/v2\/pages\/796","targetHints":{"allow":["GET"]}}],"collection":[{"href":"https:\/\/scienceblend.com\/fr\/wp-json\/wp\/v2\/pages"}],"about":[{"href":"https:\/\/scienceblend.com\/fr\/wp-json\/wp\/v2\/types\/page"}],"author":[{"embeddable":true,"href":"https:\/\/scienceblend.com\/fr\/wp-json\/wp\/v2\/users\/1"}],"replies":[{"embeddable":true,"href":"https:\/\/scienceblend.com\/fr\/wp-json\/wp\/v2\/comments?post=796"}],"version-history":[{"count":2,"href":"https:\/\/scienceblend.com\/fr\/wp-json\/wp\/v2\/pages\/796\/revisions"}],"predecessor-version":[{"id":1101,"href":"https:\/\/scienceblend.com\/fr\/wp-json\/wp\/v2\/pages\/796\/revisions\/1101"}],"wp:attachment":[{"href":"https:\/\/scienceblend.com\/fr\/wp-json\/wp\/v2\/media?parent=796"}],"curies":[{"name":"wp","href":"https:\/\/api.w.org\/{rel}","templated":true}]}}