{"id":798,"date":"2023-11-14T12:50:45","date_gmt":"2023-11-14T11:50:45","guid":{"rendered":"https:\/\/scienceblend.com\/mentions-legales\/"},"modified":"2024-07-18T09:17:11","modified_gmt":"2024-07-18T07:17:11","slug":"mentions-legales","status":"publish","type":"page","link":"https:\/\/scienceblend.com\/fr\/mentions-legales\/","title":{"rendered":"Mentions l\u00e9gales"},"content":{"rendered":"<p><img decoding=\"async\" class=\"aligncenter size-full wp-image-8406 img-responsive\" src=\"https:\/\/nutravya.de\/wp-content\/uploads\/2019\/05\/impressum.jpg\" alt=\"\"><\/p>\n<p>ScienceBlend.com<br \/>\nNum\u00e9ro d&rsquo;identification fiscale : FR 83 838 793 685<\/p>\n<p>\u00c9diteur 2M Media<br \/>\nSoci\u00e9t\u00e9 par actions simplifi\u00e9e au capital de 5 000,00 euros<br \/>\nEnregistr\u00e9 sous le num\u00e9ro 838 793 685<\/p>\n<p>Si\u00e8ge social 4, rue du mont blanc, 69960, Corbas, France<br \/>\nT\u00e9l\u00e9phone : +49 32 222008808<br \/>\nPour nous contacter : <a href=\"https:\/\/scienceblend.com\/fr\/?page_id=793\">cliquez ici<\/a><\/p>\n<p>H\u00f4te<br \/>\nShopify Inc<br \/>\n150, rue Elgin, 8e \u00e9tage Ottawa (Ontario) Canada , K2P 1L4<\/p>\n<h2>Propri\u00e9t\u00e9 intellectuelle :<\/h2>\n<p>2M MEDIA d\u00e9tient les droits de propri\u00e9t\u00e9 intellectuelle sur le site et son contenu. \u00c0 ce titre, 2M MEDIA est propri\u00e9taire du nom de domaine scienceblend.com, des droits d&rsquo;auteur sur le contenu du site et des droits des producteurs des bases de donn\u00e9es du site, ainsi que de toutes les marques d\u00e9pos\u00e9es par 2M MEDIA et de celles qui seront d\u00e9pos\u00e9es dans le futur. L&rsquo;acc\u00e8s au Site est strictement limit\u00e9 \u00e0 son utilisation dans les conditions et limites d\u00e9finies dans les conditions g\u00e9n\u00e9rales d&rsquo;utilisation disponibles \u00e0 l&rsquo;adresse suivante : https:\/\/scienceblend.com. En particulier, l&rsquo;acc\u00e8s au Site est requis aux fins d&rsquo;extraction, de reproduction, d&rsquo;utilisation, de revente, d&rsquo;\u00e9change, de pr\u00eat, de modification, d&rsquo;adaptation, de correction ou d&rsquo;acc\u00e8s aux Services du Site et \u00e0 leurs contenus prot\u00e9g\u00e9s par le droit d&rsquo;auteur, le droit des marques, le droit des logiciels, le droit des producteurs de bases de donn\u00e9es ou par tout autre droit de propri\u00e9t\u00e9 intellectuelle.<\/p>\n<h2>Donn\u00e9es personnelles :<\/h2>\n<p>Les donn\u00e9es personnelles collect\u00e9es par 2M MEDIA sur le Site font l&rsquo;objet d&rsquo;un traitement automatis\u00e9 ou non, inclus dans les fichiers destin\u00e9s \u00e0 traiter les commandes et \u00e0 am\u00e9liorer la relation entre 2M MEDIA et ses clients, notamment en conseil des activit\u00e9s publicitaires et commerciales de 2M MEDIA. Les donn\u00e9es \u00e0 caract\u00e8re personnel sont conserv\u00e9es aussi longtemps que n\u00e9cessaire pour l&rsquo;ex\u00e9cution des op\u00e9rations et pendant la dur\u00e9e requise pour satisfaire \u00e0 une obligation l\u00e9gale ou r\u00e9glementaire. Conform\u00e9ment \u00e0 la loi \u00ab\u00a0Informatique et Libert\u00e9s\u00a0\u00bb du 6 janvier 1978, modifi\u00e9e par la loi relative \u00e0 la protection des donn\u00e9es personnelles du 20 juin 2018 et au r\u00e8glement europ\u00e9en 2016\/679 du 27 avril 2016, la personne dont les donn\u00e9es personnelles sont collect\u00e9es dispose d&rsquo;un droit d&rsquo;acc\u00e8s, de rectification et d&rsquo;opposition aux donn\u00e9es la concernant. Cela peut se faire en contactant 2M MEDIA par courrier ou par e-mail aux adresses pr\u00e9sentes dans la section \u00ab\u00a0Editeurs\u00a0\u00bb ci-dessus ou via le formulaire de donn\u00e9es personnelles. Les demandes sont trait\u00e9es dans un d\u00e9lai d&rsquo;un (1) mois \u00e0 compter de leur r\u00e9ception par 2M MEDIA.<\/p>\n","protected":false},"excerpt":{"rendered":"<p>ScienceBlend.com Num\u00e9ro d&rsquo;identification fiscale : FR 83 838 793 685 \u00c9diteur 2M Media Soci\u00e9t\u00e9 par actions simplifi\u00e9e au capital de 5 000,00 euros Enregistr\u00e9 sous le num\u00e9ro 838 793 685 Si\u00e8ge social 4, rue du mont blanc, 69960, Corbas, France T\u00e9l\u00e9phone : +49 32 222008808 Pour nous contacter : cliquez ici H\u00f4te Shopify Inc 150, [&hellip;]<\/p>\n","protected":false},"author":1,"featured_media":0,"parent":0,"menu_order":0,"comment_status":"closed","ping_status":"closed","template":"","meta":{"_acf_changed":false,"footnotes":""},"class_list":["post-798","page","type-page","status-publish","hentry"],"acf":[],"_links":{"self":[{"href":"https:\/\/scienceblend.com\/fr\/wp-json\/wp\/v2\/pages\/798","targetHints":{"allow":["GET"]}}],"collection":[{"href":"https:\/\/scienceblend.com\/fr\/wp-json\/wp\/v2\/pages"}],"about":[{"href":"https:\/\/scienceblend.com\/fr\/wp-json\/wp\/v2\/types\/page"}],"author":[{"embeddable":true,"href":"https:\/\/scienceblend.com\/fr\/wp-json\/wp\/v2\/users\/1"}],"replies":[{"embeddable":true,"href":"https:\/\/scienceblend.com\/fr\/wp-json\/wp\/v2\/comments?post=798"}],"version-history":[{"count":2,"href":"https:\/\/scienceblend.com\/fr\/wp-json\/wp\/v2\/pages\/798\/revisions"}],"predecessor-version":[{"id":47832,"href":"https:\/\/scienceblend.com\/fr\/wp-json\/wp\/v2\/pages\/798\/revisions\/47832"}],"wp:attachment":[{"href":"https:\/\/scienceblend.com\/fr\/wp-json\/wp\/v2\/media?parent=798"}],"curies":[{"name":"wp","href":"https:\/\/api.w.org\/{rel}","templated":true}]}}