{"id":57443,"date":"2025-05-28T14:12:46","date_gmt":"2025-05-28T12:12:46","guid":{"rendered":"https:\/\/scienceblend.com\/?post_type=product&#038;p=57443"},"modified":"2026-03-29T11:51:41","modified_gmt":"2026-03-29T09:51:41","slug":"denticil","status":"publish","type":"product","link":"https:\/\/scienceblend.com\/fr\/product\/denticil\/","title":{"rendered":"Denticil"},"content":{"rendered":"<style>\n.ingr {\n  border-radius: 50%;\n  max-width: 80% !important;\n  margin: 0 auto;\n  border: 3px solid #fff;\n  box-shadow: 0 0 10px rgba(0,0,0,0.4);\n}\n.ingredient-item {\n  padding: 10px;\ntext-align:center;\n}\n<\/style>\n<h3 style=\"text-align: center; font-weight: 400; font-size: 25px; margin-bottom: 40px;\"><\/h3>\n<div class=\"ingredient-item col-md-4 col-xs-6\">\n               <img decoding=\"async\" src=\"https:\/\/scienceblend.com\/wp-content\/uploads\/2025\/03\/o1.jpg\" class=\"img-responsive ingr\"><\/p>\n<h4>Extrait de feuille de Mullein (Bouillon blanc)<\/h4>\n<p>Favorise l\u2019\u00e9limination du mucus et apaise les voies respiratoires.<\/p>\n<\/p><\/div>\n<div class=\"ingredient-item col-md-4 col-xs-6\">\n               <img decoding=\"async\" src=\"https:\/\/scienceblend.com\/wp-content\/uploads\/2025\/03\/o2.jpg\" class=\"img-responsive ingr\"><\/p>\n<h4>Poudre de gingembre<\/h4>\n<p>R\u00e9duit l\u2019inflammation pulmonaire et d\u00e9congestionne naturellement.<\/p>\n<\/p><\/div>\n<div class=\"ingredient-item col-md-4 col-xs-6\">\n               <img decoding=\"async\" src=\"https:\/\/scienceblend.com\/wp-content\/uploads\/2025\/03\/o3.jpg\" class=\"img-responsive ingr\"><\/p>\n<h4>Brom\u00e9la\u00efne<\/h4>\n<p>Fluidifie les s\u00e9cr\u00e9tions bronchiques et facilite la respiration.<\/p>\n<\/p><\/div>\n<div class=\"clearfix\"><\/div>\n<div class=\"ingredient-item col-md-4 col-md-offset-2 col-xs-offset-0 col-xs-6\">\n               <img decoding=\"async\" src=\"https:\/\/scienceblend.com\/wp-content\/uploads\/2025\/03\/o5.jpg\" class=\"img-responsive ingr\" style=\"max-width:239px !important\"><\/p>\n<h4>Extrait de Cordyceps militaris<\/h4>\n<p>\nAm\u00e9liore l\u2019oxyg\u00e9nation et soutient la capacit\u00e9 respiratoire.<\/p>\n<\/p><\/div>\n<div class=\"ingredient-item col-md-4 col-xs-6\">\n               <img decoding=\"async\" src=\"https:\/\/scienceblend.com\/wp-content\/uploads\/2025\/03\/o4.jpg\" class=\"img-responsive ingr\" style=\"max-width:239px !important\"><\/p>\n<h4>Extrait de zeste de citron<\/h4>\n<p>Prot\u00e8ge les poumons gr\u00e2ce \u00e0 son action antioxydante et d\u00e9toxifiante.<\/p>\n<\/p><\/div>\n","protected":false},"excerpt":{"rendered":"<p>Cette formule naturelle et cibl\u00e9e est con\u00e7ue pour soutenir vos poumons, lib\u00e9rer votre respiration et vous permettre de retrouver l\u00e9g\u00e8ret\u00e9, \u00e9nergie et clart\u00e9 au quotidien, sans g\u00eane, sans oppression, simplement avec une pleine bouff\u00e9e de bien-\u00eatre<\/p>\n","protected":false},"featured_media":55435,"comment_status":"open","ping_status":"closed","template":"","meta":{"_acf_changed":false},"product_brand":[],"product_cat":[25],"product_tag":[],"class_list":{"0":"post-57443","1":"product","2":"type-product","3":"status-publish","4":"has-post-thumbnail","6":"product_cat-non-classe","8":"first","9":"instock","10":"taxable","11":"shipping-taxable","12":"purchasable","13":"product-type-variable"},"acf":[],"_links":{"self":[{"href":"https:\/\/scienceblend.com\/fr\/wp-json\/wp\/v2\/product\/57443","targetHints":{"allow":["GET"]}}],"collection":[{"href":"https:\/\/scienceblend.com\/fr\/wp-json\/wp\/v2\/product"}],"about":[{"href":"https:\/\/scienceblend.com\/fr\/wp-json\/wp\/v2\/types\/product"}],"replies":[{"embeddable":true,"href":"https:\/\/scienceblend.com\/fr\/wp-json\/wp\/v2\/comments?post=57443"}],"wp:featuredmedia":[{"embeddable":true,"href":"https:\/\/scienceblend.com\/fr\/wp-json\/wp\/v2\/media\/55435"}],"wp:attachment":[{"href":"https:\/\/scienceblend.com\/fr\/wp-json\/wp\/v2\/media?parent=57443"}],"wp:term":[{"taxonomy":"product_brand","embeddable":true,"href":"https:\/\/scienceblend.com\/fr\/wp-json\/wp\/v2\/product_brand?post=57443"},{"taxonomy":"product_cat","embeddable":true,"href":"https:\/\/scienceblend.com\/fr\/wp-json\/wp\/v2\/product_cat?post=57443"},{"taxonomy":"product_tag","embeddable":true,"href":"https:\/\/scienceblend.com\/fr\/wp-json\/wp\/v2\/product_tag?post=57443"}],"curies":[{"name":"wp","href":"https:\/\/api.w.org\/{rel}","templated":true}]}}