{"id":59923,"date":"2025-08-02T20:09:11","date_gmt":"2025-08-02T18:09:11","guid":{"rendered":"https:\/\/scienceblend.com\/?post_type=product&#038;p=59923"},"modified":"2026-03-16T23:50:59","modified_gmt":"2026-03-16T22:50:59","slug":"prosticil","status":"publish","type":"product","link":"https:\/\/scienceblend.com\/fr\/product\/prosticil\/","title":{"rendered":"Prosticil"},"content":{"rendered":"<style>\n.ingr {\n  border-radius: 50%;\n  max-width: 80% !important;\n  margin: 0 auto;\n  border: 3px solid #fff;\n  box-shadow: 0 0 10px rgba(0,0,0,0.4);\n}\n.ingredient-item {\n  padding: 10px;\ntext-align:center;\n}\n<\/style>\n<h3 style=\"text-align: center; font-weight: 400; font-size: 25px; margin-bottom: 40px;\"><\/h3>\n<div class=\"ingredient-item col-md-4 col-xs-6\">\n               <img decoding=\"async\" src=\"https:\/\/scienceblend.com\/wp-content\/uploads\/2025\/08\/palmetto.jpg\" class=\"img-responsive ingr\"><\/p>\n<h4>Palmier Nain<\/h4>\n<\/p><\/div>\n<div class=\"ingredient-item col-md-4 col-xs-6\">\n               <img decoding=\"async\" src=\"https:\/\/scienceblend.com\/wp-content\/uploads\/2025\/08\/maitake.jpg\" class=\"img-responsive ingr\"><\/p>\n<h4>Champignon Maitake<\/h4>\n<\/p><\/div>\n<div class=\"ingredient-item col-md-4 col-xs-6\">\n               <img decoding=\"async\" src=\"https:\/\/scienceblend.com\/wp-content\/uploads\/2025\/08\/willow.jpg\" class=\"img-responsive ingr\"><\/p>\n<h4>\u00c9corce de Saule Blanc<\/h4>\n<\/p><\/div>\n<div class=\"clearfix\"><\/div>\n<div class=\"ingredient-item col-md-4 col-xs-6\">\n               <img decoding=\"async\" src=\"https:\/\/scienceblend.com\/wp-content\/uploads\/2025\/08\/pumpkinseed.jpg\" class=\"img-responsive ingr\" style=\"max-width:239px !important\"><\/p>\n<h4>P\u00e9pin de Courge<\/h4>\n<\/p><\/div>\n<div class=\"ingredient-item col-md-4 col-xs-6\">\n               <img decoding=\"async\" src=\"https:\/\/scienceblend.com\/wp-content\/uploads\/2025\/08\/nettleroot.jpg\" class=\"img-responsive ingr\" style=\"max-width:239px !important\"><\/p>\n<h4>Racine d\u2019Ortie<\/h4>\n<\/p><\/div>\n<div class=\"ingredient-item col-md-4 col-xs-6\">\n               <img decoding=\"async\" src=\"https:\/\/scienceblend.com\/wp-content\/uploads\/2025\/08\/bamboo.jpg\" class=\"img-responsive ingr\"><\/p>\n<h4>Bamboo<\/h4>\n<\/p><\/div>\n","protected":false},"excerpt":{"rendered":"<p>Compl\u00e9ment unique en son genre gr\u00e2ce \u00e0 la combinaison de 9 ingr\u00e9dients naturels dans une formule puissante. Ce produit est con\u00e7u pour aider votre corps \u00e0 maintenir naturellement une prostate saine. Une bonne prostate est la cl\u00e9 pour se sentir \u00e0 l\u2019aise toute la journ\u00e9e. <\/p>\n","protected":false},"featured_media":64588,"comment_status":"open","ping_status":"closed","template":"","meta":{"_acf_changed":false},"product_brand":[],"product_cat":[25],"product_tag":[],"class_list":{"0":"post-59923","1":"product","2":"type-product","3":"status-publish","4":"has-post-thumbnail","6":"product_cat-non-classe","8":"first","9":"instock","10":"taxable","11":"shipping-taxable","12":"purchasable","13":"product-type-variable"},"acf":[],"_links":{"self":[{"href":"https:\/\/scienceblend.com\/fr\/wp-json\/wp\/v2\/product\/59923","targetHints":{"allow":["GET"]}}],"collection":[{"href":"https:\/\/scienceblend.com\/fr\/wp-json\/wp\/v2\/product"}],"about":[{"href":"https:\/\/scienceblend.com\/fr\/wp-json\/wp\/v2\/types\/product"}],"replies":[{"embeddable":true,"href":"https:\/\/scienceblend.com\/fr\/wp-json\/wp\/v2\/comments?post=59923"}],"wp:featuredmedia":[{"embeddable":true,"href":"https:\/\/scienceblend.com\/fr\/wp-json\/wp\/v2\/media\/64588"}],"wp:attachment":[{"href":"https:\/\/scienceblend.com\/fr\/wp-json\/wp\/v2\/media?parent=59923"}],"wp:term":[{"taxonomy":"product_brand","embeddable":true,"href":"https:\/\/scienceblend.com\/fr\/wp-json\/wp\/v2\/product_brand?post=59923"},{"taxonomy":"product_cat","embeddable":true,"href":"https:\/\/scienceblend.com\/fr\/wp-json\/wp\/v2\/product_cat?post=59923"},{"taxonomy":"product_tag","embeddable":true,"href":"https:\/\/scienceblend.com\/fr\/wp-json\/wp\/v2\/product_tag?post=59923"}],"curies":[{"name":"wp","href":"https:\/\/api.w.org\/{rel}","templated":true}]}}