{"id":820,"date":"2023-12-17T22:05:25","date_gmt":"2023-12-17T21:05:25","guid":{"rendered":"https:\/\/scienceblend.com\/product\/nervicil\/"},"modified":"2026-04-20T17:25:20","modified_gmt":"2026-04-20T15:25:20","slug":"nervicil","status":"publish","type":"product","link":"https:\/\/scienceblend.com\/fr\/product\/nervicil\/","title":{"rendered":"Nervicil"},"content":{"rendered":"<style>\n.ingr {\n  border-radius: 50%;\n  max-width: 80% !important;\n  margin: 0 auto;\n  border: 3px solid #fff;\n  box-shadow: 0 0 10px rgba(0,0,0,0.4);\n}\n.ingredient-item {\n  padding: 10px;\ntext-align:center;\n}\n<\/style>\n<h3 style=\"text-align: center; font-weight: 400; font-size: 25px; margin-bottom: 40px;\"><\/h3>\n<div class=\"ingredient-item col-md-3 col-xs-6\">\n               <img decoding=\"async\" src=\"https:\/\/scienceblend.com\/wp-content\/uploads\/2025\/08\/nv-3.jpg\" class=\"img-responsive ingr\"><\/p>\n<h4>Gingembre<\/h4>\n<p>Contribue aux d\u00e9fenses naturelles de l&rsquo;organisme<\/p>\n<\/p><\/div>\n<div class=\"ingredient-item col-md-3 col-xs-6\">\n               <img decoding=\"async\" src=\"https:\/\/scienceblend.com\/wp-content\/uploads\/2025\/08\/nv-2.jpg\" class=\"img-responsive ingr\"><\/p>\n<h4>Magn\u00e9sium<\/h4>\n<p>Contribue au fonctionnement normal du syst\u00e8me nerveux,<br \/>\nContribue \u00e0 une fonction musculaire normale<\/p>\n<\/p><\/div>\n<div class=\"ingredient-item col-md-3 col-xs-6\">\n                 <img decoding=\"async\" src=\"https:\/\/scienceblend.com\/wp-content\/uploads\/2025\/08\/nv-5.jpg\" class=\"img-responsive ingr\"><\/p>\n<h4>Zinc<\/h4>\n<p>Contribue \u00e0 une fonction cognitive normale<\/p>\n<\/p><\/div>\n<div class=\"ingredient-item col-md-3 col-xs-6\">\n               <img decoding=\"async\" src=\"https:\/\/scienceblend.com\/wp-content\/uploads\/2025\/08\/b12.jpg\" class=\"img-responsive ingr\"><\/p>\n<h4>Vitamine B12<\/h4>\n<p>Contribue au fonctionnement normal du syst\u00e8me nerveux<\/p>\n<\/p><\/div>\n","protected":false},"excerpt":{"rendered":"<p>Cette formule associe magn\u00e9sium et vitamine B12, des nutriments essentiels qui contribuent au fonctionnement normal du syst\u00e8me nerveux. Le zinc contribue \u00e9galement \u00e0 une fonction cognitive normale. Enrichie en gingembre, cette formule compl\u00e8te contribue \u00e9galement aux d\u00e9fenses naturelles de l\u2019organisme.<\/p>\n","protected":false},"featured_media":64592,"comment_status":"open","ping_status":"closed","template":"","meta":{"_acf_changed":false},"product_brand":[],"product_cat":[25],"product_tag":[],"class_list":{"0":"post-820","1":"product","2":"type-product","3":"status-publish","4":"has-post-thumbnail","6":"product_cat-non-classe","8":"first","9":"instock","10":"taxable","11":"shipping-taxable","12":"purchasable","13":"product-type-variable"},"acf":[],"_links":{"self":[{"href":"https:\/\/scienceblend.com\/fr\/wp-json\/wp\/v2\/product\/820","targetHints":{"allow":["GET"]}}],"collection":[{"href":"https:\/\/scienceblend.com\/fr\/wp-json\/wp\/v2\/product"}],"about":[{"href":"https:\/\/scienceblend.com\/fr\/wp-json\/wp\/v2\/types\/product"}],"replies":[{"embeddable":true,"href":"https:\/\/scienceblend.com\/fr\/wp-json\/wp\/v2\/comments?post=820"}],"wp:featuredmedia":[{"embeddable":true,"href":"https:\/\/scienceblend.com\/fr\/wp-json\/wp\/v2\/media\/64592"}],"wp:attachment":[{"href":"https:\/\/scienceblend.com\/fr\/wp-json\/wp\/v2\/media?parent=820"}],"wp:term":[{"taxonomy":"product_brand","embeddable":true,"href":"https:\/\/scienceblend.com\/fr\/wp-json\/wp\/v2\/product_brand?post=820"},{"taxonomy":"product_cat","embeddable":true,"href":"https:\/\/scienceblend.com\/fr\/wp-json\/wp\/v2\/product_cat?post=820"},{"taxonomy":"product_tag","embeddable":true,"href":"https:\/\/scienceblend.com\/fr\/wp-json\/wp\/v2\/product_tag?post=820"}],"curies":[{"name":"wp","href":"https:\/\/api.w.org\/{rel}","templated":true}]}}