{"id":823,"date":"2023-11-14T12:51:54","date_gmt":"2023-11-14T11:51:54","guid":{"rendered":"https:\/\/scienceblend.com\/product\/audicil\/"},"modified":"2026-04-07T18:02:01","modified_gmt":"2026-04-07T16:02:01","slug":"audicil","status":"publish","type":"product","link":"https:\/\/scienceblend.com\/fr\/product\/audicil\/","title":{"rendered":"Audicil"},"content":{"rendered":"<style>\n.ingr {\n  border-radius: 50%;\n  max-width: 80% !important;\n  margin: 0 auto;\n  border: 3px solid #fff;\n  box-shadow: 0 0 10px rgba(0,0,0,0.4);\n}\n.ingredient-item {\n  padding: 10px;\ntext-align:center;\n}\n<\/style>\n<h3 style=\"text-align: center; font-weight: 400; font-size: 25px; margin-bottom: 40px;\">  Plus de 20 ingr\u00e9dients soigneusement s\u00e9lectionn\u00e9s pour favoriser une audition saine, notamment<\/h3>\n<div class=\"ingredient-item col-md-4 col-xs-6\">\n               <img decoding=\"async\" src=\"https:\/\/scienceblend.com\/wp-content\/uploads\/2024\/01\/e1.jpg\" class=\"img-responsive ingr\"><\/p>\n<h4>Gingko Biloba<\/h4>\n<p>Contribue \u00e0 une bonne audition, Contribue au maintien d&rsquo;une bonne fonction cognitive, Favorise la circulation p\u00e9riph\u00e9rique dans les oreilles<\/p>\n<\/div>\n<div class=\"ingredient-item col-md-4 col-xs-6\">\n               <img decoding=\"async\" src=\"https:\/\/scienceblend.com\/wp-content\/uploads\/2023\/11\/i1.jpg\" class=\"img-responsive ingr\"><\/p>\n<h4>Extrait de <br \/>p\u00e9pin de raisin<\/h4>\n<p>Aide \u00e0 prot\u00e9ger les cellules contre le stress oxydatif<\/p>\n<\/div>\n<div class=\"ingredient-item col-md-4 col-xs-6\">\n               <img decoding=\"async\" src=\"https:\/\/scienceblend.com\/wp-content\/uploads\/2025\/08\/pivoine.jpg\" class=\"img-responsive ingr\"><\/p>\n<h4>Extrait de <br \/>racine de pivoine<\/h4>\n<p>Aide \u00e0 normaliser la fonction du syst\u00e8me nerveux<\/p>\n<\/div>\n<div class=\"clearfix\"><\/div>\n<div class=\"ingredient-item col-md-4 col-md-offset-2 col-xs-offset-0 col-xs-6\">\n                 <img decoding=\"async\" src=\"https:\/\/scienceblend.com\/wp-content\/uploads\/2025\/08\/nv-5.jpg\" class=\"img-responsive ingr\"><\/p>\n<h4>Zinc<\/h4>\n<p>Contribue \u00e0 une fonction cognitive normale<\/p>\n<\/div>\n<div class=\"ingredient-item col-md-4 col-xs-6\">\n               <img decoding=\"async\" src=\"https:\/\/scienceblend.com\/wp-content\/uploads\/2025\/08\/b12.jpg\" class=\"img-responsive ingr\"><\/p>\n<h4>Vitamine B12<\/h4>\n<p>Contribue au fonctionnement normal du syst\u00e8me nerveux<\/p>\n<\/div>\n","protected":false},"excerpt":{"rendered":"<p>Formul\u00e9e avec du Ginkgo biloba, reconnu pour contribuer \u00e0 une bonne audition et favoriser la circulation p\u00e9riph\u00e9rique dans les oreilles, et enrichie en magn\u00e9sium pour soutenir vos fonctions psychologiques normales \u2014 cette formule avanc\u00e9e prend soin de votre acuit\u00e9 sensorielle et mentale, jour apr\u00e8s jour.<\/p>\n","protected":false},"featured_media":64548,"comment_status":"open","ping_status":"closed","template":"","meta":{"_acf_changed":false},"product_brand":[],"product_cat":[25],"product_tag":[],"class_list":{"0":"post-823","1":"product","2":"type-product","3":"status-publish","4":"has-post-thumbnail","6":"product_cat-non-classe","8":"first","9":"instock","10":"taxable","11":"shipping-taxable","12":"purchasable","13":"product-type-variable"},"acf":[],"_links":{"self":[{"href":"https:\/\/scienceblend.com\/fr\/wp-json\/wp\/v2\/product\/823","targetHints":{"allow":["GET"]}}],"collection":[{"href":"https:\/\/scienceblend.com\/fr\/wp-json\/wp\/v2\/product"}],"about":[{"href":"https:\/\/scienceblend.com\/fr\/wp-json\/wp\/v2\/types\/product"}],"replies":[{"embeddable":true,"href":"https:\/\/scienceblend.com\/fr\/wp-json\/wp\/v2\/comments?post=823"}],"wp:featuredmedia":[{"embeddable":true,"href":"https:\/\/scienceblend.com\/fr\/wp-json\/wp\/v2\/media\/64548"}],"wp:attachment":[{"href":"https:\/\/scienceblend.com\/fr\/wp-json\/wp\/v2\/media?parent=823"}],"wp:term":[{"taxonomy":"product_brand","embeddable":true,"href":"https:\/\/scienceblend.com\/fr\/wp-json\/wp\/v2\/product_brand?post=823"},{"taxonomy":"product_cat","embeddable":true,"href":"https:\/\/scienceblend.com\/fr\/wp-json\/wp\/v2\/product_cat?post=823"},{"taxonomy":"product_tag","embeddable":true,"href":"https:\/\/scienceblend.com\/fr\/wp-json\/wp\/v2\/product_tag?post=823"}],"curies":[{"name":"wp","href":"https:\/\/api.w.org\/{rel}","templated":true}]}}