{"id":827,"date":"2023-11-14T13:31:16","date_gmt":"2023-11-14T12:31:16","guid":{"rendered":"https:\/\/scienceblend.com\/product\/augenix\/"},"modified":"2026-03-27T22:24:35","modified_gmt":"2026-03-27T21:24:35","slug":"augenix","status":"publish","type":"product","link":"https:\/\/scienceblend.com\/fr\/product\/augenix\/","title":{"rendered":"Augenix"},"content":{"rendered":"<style>\n.ingr {\n  border-radius: 50%;\n  max-width: 80% !important;\n  margin: 0 auto;\n  border: 3px solid #fff;\n  box-shadow: 0 0 10px rgba(0,0,0,0.4);\n}\n.ingredient-item {\n  padding: 10px;\nheight: 360px;\ntext-align:center;\n}<\/p>\n<\/style>\n<div class=\"ingredient-item col-md-3 col-xs-6\">\n               <img decoding=\"async\" src=\"https:\/\/scienceblend.com\/wp-content\/uploads\/2025\/08\/nv-4.jpg\" class=\"img-responsive ingr\"><\/p>\n<h4>Myrtille<\/h4>\n<p>Contribue \u00e0 maintenir la sant\u00e9 oculaire gr\u00e2ce \u00e0 ses effets antioxydants et vasculaires.<\/p>\n<\/div>\n<div class=\"ingredient-item col-md-3 col-xs-6\">\n               <img decoding=\"async\" src=\"https:\/\/scienceblend.com\/wp-content\/uploads\/2023\/11\/i1.jpg\" class=\"img-responsive ingr\"><\/p>\n<h4>Extrait de p\u00e9pin de raisin<\/h4>\n<p>Contient des antioxydants naturels<\/p>\n<\/div>\n<div class=\"ingredient-item col-md-3 col-xs-6\">\n               <img decoding=\"async\" src=\"https:\/\/scienceblend.com\/wp-content\/uploads\/2025\/08\/vitc.jpg\" class=\"img-responsive ingr\"><\/p>\n<h4>\nVitamine C<\/h4>\n<p>Contribue \u00e0 prot\u00e9ger les cellules contre le stress oxydatif<\/p>\n<\/div>\n<div class=\"ingredient-item col-md-3 col-xs-6\">\n               <img decoding=\"async\" src=\"https:\/\/scienceblend.com\/wp-content\/uploads\/2025\/08\/nv-5.jpg\" class=\"img-responsive ingr\"><\/p>\n<h4>\nZinc<\/h4>\n<p>Contribue au maintien d\u2019une vision normale<\/p>\n<\/div>\n","protected":false},"excerpt":{"rendered":"<p>Augenix combine une s\u00e9lection d&rsquo;ingr\u00e9dients agissant en synergie, dont la myrtille, qui contribue \u00e0 maintenir la sant\u00e9 oculaire gr\u00e2ce \u00e0 ses effets antioxydants et vasculaires, et le zinc, qui contribue au maintien d&rsquo;une vision normale. Une formule pens\u00e9e pour vous accompagner avec confort et clart\u00e9 tout au long de la journ\u00e9e.<\/p>\n","protected":false},"featured_media":64556,"comment_status":"open","ping_status":"closed","template":"","meta":{"_acf_changed":false},"product_brand":[],"product_cat":[25],"product_tag":[],"class_list":{"0":"post-827","1":"product","2":"type-product","3":"status-publish","4":"has-post-thumbnail","6":"product_cat-non-classe","8":"first","9":"instock","10":"taxable","11":"shipping-taxable","12":"purchasable","13":"product-type-variable"},"acf":[],"_links":{"self":[{"href":"https:\/\/scienceblend.com\/fr\/wp-json\/wp\/v2\/product\/827","targetHints":{"allow":["GET"]}}],"collection":[{"href":"https:\/\/scienceblend.com\/fr\/wp-json\/wp\/v2\/product"}],"about":[{"href":"https:\/\/scienceblend.com\/fr\/wp-json\/wp\/v2\/types\/product"}],"replies":[{"embeddable":true,"href":"https:\/\/scienceblend.com\/fr\/wp-json\/wp\/v2\/comments?post=827"}],"wp:featuredmedia":[{"embeddable":true,"href":"https:\/\/scienceblend.com\/fr\/wp-json\/wp\/v2\/media\/64556"}],"wp:attachment":[{"href":"https:\/\/scienceblend.com\/fr\/wp-json\/wp\/v2\/media?parent=827"}],"wp:term":[{"taxonomy":"product_brand","embeddable":true,"href":"https:\/\/scienceblend.com\/fr\/wp-json\/wp\/v2\/product_brand?post=827"},{"taxonomy":"product_cat","embeddable":true,"href":"https:\/\/scienceblend.com\/fr\/wp-json\/wp\/v2\/product_cat?post=827"},{"taxonomy":"product_tag","embeddable":true,"href":"https:\/\/scienceblend.com\/fr\/wp-json\/wp\/v2\/product_tag?post=827"}],"curies":[{"name":"wp","href":"https:\/\/api.w.org\/{rel}","templated":true}]}}