{"id":828,"date":"2023-11-14T13:38:12","date_gmt":"2023-11-14T12:38:12","guid":{"rendered":"https:\/\/scienceblend.com\/product\/blutix\/"},"modified":"2026-03-27T22:25:17","modified_gmt":"2026-03-27T21:25:17","slug":"blutix","status":"publish","type":"product","link":"https:\/\/scienceblend.com\/fr\/product\/blutix\/","title":{"rendered":"Blutix"},"content":{"rendered":"<div style=\"display:none\">BLUTIX de Science Blend est un compl\u00e9ment alimentaire innovant con\u00e7u pour vous aider \u00e0 optimiser votre taux de glyc\u00e9mie tout en favorisant une \u00e9nergie durable et une acuit\u00e9 mentale accrue. Cette formule hautement efficace a \u00e9t\u00e9 soigneusement \u00e9labor\u00e9e pour vous aider \u00e0 atteindre votre plein potentiel et \u00e0 mener une vie saine et active. Le m\u00e9lange unique d&rsquo;ingr\u00e9dients naturels de BLUTIX a \u00e9t\u00e9 sp\u00e9cialement s\u00e9lectionn\u00e9 pour aider votre corps \u00e0 favoriser un m\u00e9tabolisme sain des graisses. En favorisant un m\u00e9tabolisme sain, BLUTIX peut vous aider \u00e0 br\u00fbler efficacement les graisses exc\u00e9dentaires, ce qui entra\u00eene une am\u00e9lioration de la composition corporelle. En outre, BLUTIX contribue \u00e0 maintenir la stabilit\u00e9 de votre taux de glyc\u00e9mie, ce qui est essentiel pour votre bien-\u00eatre g\u00e9n\u00e9ral. En \u00e9quilibrant les fluctuations de la glyc\u00e9mie, BLUTIX vous aide \u00e0 r\u00e9duire les fringales et \u00e0 maintenir des niveaux d&rsquo;\u00e9nergie r\u00e9guliers tout au long de la journ\u00e9e. BLUTIX est le compl\u00e9ment parfait pour tous ceux qui recherchent une solution naturelle pour am\u00e9liorer leur sant\u00e9 et leur bien-\u00eatre. Que vous souhaitiez atteindre vos objectifs de remise en forme, am\u00e9liorer vos performances intellectuelles ou tout simplement mener une vie plus saine, BLUTIX vous apporte le soutien dont vous avez besoin pour r\u00e9ussir. Commencez \u00e0 utiliser BLUTIX d\u00e8s aujourd&rsquo;hui et d\u00e9couvrez les avantages d&rsquo;une glyc\u00e9mie optimis\u00e9e pour une vie saine et active !<\/div>\n<style>\n.ingr {\n  border-radius: 50%;\n  max-width: 80% !important;\n  margin: 0 auto;\n  border: 3px solid #fff;\n  box-shadow: 0 0 10px rgba(0,0,0,0.4);\n}\n.ingredient-item {\n  padding: 10px;\ntext-align:center;\n}\n<\/style>\n<h3 style=\"text-align: center; font-weight: 400; font-size: 25px; margin-bottom: 40px;\">  Plus de 8 ingr\u00e9dients soigneusement s\u00e9lectionn\u00e9s pour soutenir la glyc\u00e9mie, dont<\/h3>\n<div class=\"ingredient-item col-md-3 col-xs-6\">\n               <img decoding=\"async\" src=\"https:\/\/scienceblend.com\/wp-content\/uploads\/2024\/04\/n1.jpg\" class=\"img-responsive ingr\"><\/p>\n<h4>ELEUTHERO<\/h4>\n<p>  <!--Augmente l'\u00e9nergie et r\u00e9duit la fatigue --> <\/div>\n<div class=\"ingredient-item col-md-3 col-xs-6\">\n               <img decoding=\"async\" src=\"https:\/\/scienceblend.com\/wp-content\/uploads\/2024\/04\/n2.jpg\" class=\"img-responsive ingr\"><\/p>\n<h4>COLEUS<\/h4>\n<p>  <!--Outils de<br \/>  Br\u00fbler les graisses-->  <\/div>\n<div class=\"ingredient-item col-md-3 col-xs-6\">\n               <img decoding=\"async\" src=\"https:\/\/scienceblend.com\/wp-content\/uploads\/2024\/04\/n3.jpg\" class=\"img-responsive ingr\"><\/p>\n<h4>RACINE DE MACA<\/h4>\n<p> <!-- Augmente votre  <br \/>\u00c9nergie-->  <\/div>\n<div class=\"ingredient-item col-md-3 col-xs-6\">\n               <img decoding=\"async\" src=\"https:\/\/scienceblend.com\/wp-content\/uploads\/2024\/04\/n4.jpg\" class=\"img-responsive ingr\"><\/p>\n<h4>MANGUE AFRICAINE<\/h4>\n<p>  <!--Moyens de  <br \/>Br\u00fbler les graisses-->  <\/div>\n<div class=\"ingredient-item col-md-3 col-xs-6\">\n               <img decoding=\"async\" src=\"https:\/\/scienceblend.com\/wp-content\/uploads\/2024\/04\/n5.jpg\" class=\"img-responsive ingr\"><\/p>\n<h4>GUARANA<\/h4>\n<p>  <!--Stimule votre  <br \/>le m\u00e9tabolisme-->  <\/div>\n<div class=\"ingredient-item col-md-3 col-xs-6\">\n               <img decoding=\"async\" src=\"https:\/\/scienceblend.com\/wp-content\/uploads\/2024\/04\/n6.jpg\" class=\"img-responsive ingr\"><\/p>\n<h4>GYMNEMA<\/h4>\n<p>  <!--Soutient la sant\u00e9 du c\u0153ur et la glyc\u00e9mie --> <\/div>\n<div class=\"ingredient-item col-md-3 col-xs-6\">\n               <img decoding=\"async\" src=\"https:\/\/scienceblend.com\/wp-content\/uploads\/2024\/04\/n7.jpg\" class=\"img-responsive ingr\"><\/p>\n<h4>GINSENG<\/h4>\n<p>  <!--Favorise une glyc\u00e9mie saine --> <\/div>\n<div class=\"ingredient-item col-md-3 col-xs-6\">\n               <img decoding=\"async\" src=\"https:\/\/scienceblend.com\/wp-content\/uploads\/2024\/04\/n8.jpg\" class=\"img-responsive ingr\"><\/p>\n<h4>CHROME<\/h4>\n<p>  <!--R\u00e9duit l'ob\u00e9sit\u00e9 et diminue la pression art\u00e9rielle-->  <\/div>\n","protected":false},"excerpt":{"rendered":"<p>Compl\u00e9ment alimentaire \u00e0 base d\u2019extraits de plantes, d\u2019acides amin\u00e9s et de chrome. Le chrome contribue au maintien d\u2019une glyc\u00e9mie normale et au m\u00e9tabolisme normal des macronutriments. Formul\u00e9 avec du gymnema sylvestre, du th\u00e9 vert, de la maca, du ginseng, de la mangue africaine et d\u2019autres extraits v\u00e9g\u00e9taux.<\/p>\n","protected":false},"featured_media":64564,"comment_status":"open","ping_status":"closed","template":"","meta":{"_acf_changed":false},"product_brand":[],"product_cat":[25],"product_tag":[],"class_list":{"0":"post-828","1":"product","2":"type-product","3":"status-publish","4":"has-post-thumbnail","6":"product_cat-non-classe","8":"first","9":"instock","10":"taxable","11":"shipping-taxable","12":"purchasable","13":"product-type-variable"},"acf":[],"_links":{"self":[{"href":"https:\/\/scienceblend.com\/fr\/wp-json\/wp\/v2\/product\/828","targetHints":{"allow":["GET"]}}],"collection":[{"href":"https:\/\/scienceblend.com\/fr\/wp-json\/wp\/v2\/product"}],"about":[{"href":"https:\/\/scienceblend.com\/fr\/wp-json\/wp\/v2\/types\/product"}],"replies":[{"embeddable":true,"href":"https:\/\/scienceblend.com\/fr\/wp-json\/wp\/v2\/comments?post=828"}],"wp:featuredmedia":[{"embeddable":true,"href":"https:\/\/scienceblend.com\/fr\/wp-json\/wp\/v2\/media\/64564"}],"wp:attachment":[{"href":"https:\/\/scienceblend.com\/fr\/wp-json\/wp\/v2\/media?parent=828"}],"wp:term":[{"taxonomy":"product_brand","embeddable":true,"href":"https:\/\/scienceblend.com\/fr\/wp-json\/wp\/v2\/product_brand?post=828"},{"taxonomy":"product_cat","embeddable":true,"href":"https:\/\/scienceblend.com\/fr\/wp-json\/wp\/v2\/product_cat?post=828"},{"taxonomy":"product_tag","embeddable":true,"href":"https:\/\/scienceblend.com\/fr\/wp-json\/wp\/v2\/product_tag?post=828"}],"curies":[{"name":"wp","href":"https:\/\/api.w.org\/{rel}","templated":true}]}}